{"id":2309,"date":"2023-01-16T18:51:02","date_gmt":"2023-01-16T17:51:02","guid":{"rendered":"https:\/\/formakunde.eus\/?page_id=2309"},"modified":"2025-04-11T12:29:36","modified_gmt":"2025-04-11T10:29:36","slug":"preguntas-frecuentes","status":"publish","type":"page","link":"https:\/\/formakunde.eus\/es\/preguntas-frecuentes\/","title":{"rendered":"Preguntas frecuentes"},"content":{"rendered":"\n<div style=\"height:61px\" aria-hidden=\"true\" class=\" wp-block-spacer eplus-wrapper\" data-block-type=\"core\"><\/div>\n\n\n<div class=\"wp-block-ub-content-toggle wp-block-ub-content-toggle-block\" id=\"ub-content-toggle-block-57ceeb35-606f-4b1c-b80e-9eb1a7d8992e\" data-mobilecollapse=\"false\" data-desktopcollapse=\"true\" data-preventcollapse=\"false\" data-showonlyone=\"false\">\n<div class=\"wp-block-ub-content-toggle-accordion\" style=\"border-color: #f1f1f1; \" id=\"ub-content-toggle-panel-block-7d08be7b-750c-45de-9296-87cdf741126c\">\n\t\t\t<div class=\"wp-block-ub-content-toggle-accordion-title-wrap\" style=\"background-color: #f1f1f1;\" aria-controls=\"ub-content-toggle-panel-0-57ceeb35-606f-4b1c-b80e-9eb1a7d8992e\" tabindex=\"0\">\n\t\t\t<p class=\"wp-block-ub-content-toggle-accordion-title ub-content-toggle-title-57ceeb35-606f-4b1c-b80e-9eb1a7d8992e\" style=\"color: #000000; \">\u00bfQu\u00e9 es esta web?<\/p>\n\t\t\t<div class=\"wp-block-ub-content-toggle-accordion-toggle-wrap right\" style=\"color: #000000;\"><span class=\"wp-block-ub-content-toggle-accordion-state-indicator wp-block-ub-chevron-down\"><\/span><\/div>\n\t\t<\/div>\n\t\t\t<div role=\"region\" aria-expanded=\"false\" class=\"wp-block-ub-content-toggle-accordion-content-wrap ub-hide\" id=\"ub-content-toggle-panel-0-57ceeb35-606f-4b1c-b80e-9eb1a7d8992e\">\n\n<p class=\" eplus-wrapper\" data-block-type=\"core\">Es un portal de formaci\u00f3n para la igualdad puesto en marcha por Emakunde.<\/p>\n\n<\/div>\n\t\t<\/div>\n\n<div class=\"wp-block-ub-content-toggle-accordion\" style=\"border-color: #f1f1f1; \" id=\"ub-content-toggle-panel-block-19109d49-14e2-4004-b0fe-5f002f73209a\">\n\t\t\t<div class=\"wp-block-ub-content-toggle-accordion-title-wrap\" style=\"background-color: #f1f1f1;\" aria-controls=\"ub-content-toggle-panel-1-57ceeb35-606f-4b1c-b80e-9eb1a7d8992e\" tabindex=\"0\">\n\t\t\t<p class=\"wp-block-ub-content-toggle-accordion-title ub-content-toggle-title-57ceeb35-606f-4b1c-b80e-9eb1a7d8992e\" style=\"color: #000000; \">\u00bfQu\u00e9 precio tiene esta oferta formativa?<\/p>\n\t\t\t<div class=\"wp-block-ub-content-toggle-accordion-toggle-wrap right\" style=\"color: #000000;\"><span class=\"wp-block-ub-content-toggle-accordion-state-indicator wp-block-ub-chevron-down\"><\/span><\/div>\n\t\t<\/div>\n\t\t\t<div role=\"region\" aria-expanded=\"false\" class=\"wp-block-ub-content-toggle-accordion-content-wrap ub-hide\" id=\"ub-content-toggle-panel-1-57ceeb35-606f-4b1c-b80e-9eb1a7d8992e\">\n\n<p class=\" eplus-wrapper\" data-block-type=\"core\">Toda la formaci\u00f3n disponible en esta web es gratuita.<\/p>\n\n<\/div>\n\t\t<\/div>\n<\/div>\n\n<div class=\"wp-block-ub-content-toggle wp-block-ub-content-toggle-block\" id=\"ub-content-toggle-block-fedd3381-5103-487d-be75-9dc609e131eb\" data-mobilecollapse=\"false\" data-desktopcollapse=\"true\" data-preventcollapse=\"false\" data-showonlyone=\"false\">\n<div class=\"wp-block-ub-content-toggle-accordion\" style=\"border-color: #f1f1f1; \" id=\"ub-content-toggle-panel-block-3b3827bd-b87a-4c4b-b12b-57a2871baade\">\n\t\t\t<div class=\"wp-block-ub-content-toggle-accordion-title-wrap\" style=\"background-color: #f1f1f1;\" aria-controls=\"ub-content-toggle-panel-0-fedd3381-5103-487d-be75-9dc609e131eb\" tabindex=\"0\">\n\t\t\t<p class=\"wp-block-ub-content-toggle-accordion-title ub-content-toggle-title-fedd3381-5103-487d-be75-9dc609e131eb\" style=\"color: #000000; \">Tipo de formaci\u00f3n ofrecida<\/p>\n\t\t\t<div class=\"wp-block-ub-content-toggle-accordion-toggle-wrap right\" style=\"color: #000000;\"><span class=\"wp-block-ub-content-toggle-accordion-state-indicator wp-block-ub-chevron-down\"><\/span><\/div>\n\t\t<\/div>\n\t\t\t<div role=\"region\" aria-expanded=\"false\" class=\"wp-block-ub-content-toggle-accordion-content-wrap ub-hide\" id=\"ub-content-toggle-panel-0-fedd3381-5103-487d-be75-9dc609e131eb\">\n\n<p class=\" eplus-wrapper\" data-block-type=\"core\"><strong>Autoformaci\u00f3n.<\/strong> Este curso est\u00e1 dise\u00f1ado para que el alumnado aprenda de manera autodidacta. Para superar el curso es necesario superar los test de cada m\u00f3dulo de formaci\u00f3n. Una vez superado el curso se expedir\u00e1 el certificado acreditativo.<\/p>\n\n\n\n<p class=\" eplus-wrapper\" data-block-type=\"core\"><strong>Formaci\u00f3n B\u00e1sica<\/strong>.  Cuenta con la tutorizaci\u00f3n del profesorado. Para superar el curso es necesario superar los test o trabajos que se indiquen en cada curso. Una vez superado el curso se expedir\u00e1 el certificado acreditativo.<br><\/p>\n\n\n\n<p class=\" eplus-wrapper\" data-block-type=\"core\"><strong>Formaci\u00f3n avanzada<\/strong>. Este curso se dirige a un alumnado concreto que tiene que justificar su pertenencia al grupo destinatario del mismo. Cuentan con la tutorizaci\u00f3n del profesorado. Para superar el curso es necesario superar los test o trabajos que se indiquen en cada curso. Una vez superado el curso se expedir\u00e1 el certificado acreditativo.<br><\/p>\n\n<\/div>\n\t\t<\/div>\n\n<div class=\"wp-block-ub-content-toggle-accordion\" style=\"border-color: #f1f1f1; \" id=\"ub-content-toggle-panel-block-3b3827bd-b87a-4c4b-b12b-57a2871baade\">\n\t\t\t<div class=\"wp-block-ub-content-toggle-accordion-title-wrap\" style=\"background-color: #f1f1f1;\" aria-controls=\"ub-content-toggle-panel-1-fedd3381-5103-487d-be75-9dc609e131eb\" tabindex=\"0\">\n\t\t\t<p class=\"wp-block-ub-content-toggle-accordion-title ub-content-toggle-title-fedd3381-5103-487d-be75-9dc609e131eb\" style=\"color: #000000; \">L\u00edmites, condiciones y acreditaci\u00f3n<\/p>\n\t\t\t<div class=\"wp-block-ub-content-toggle-accordion-toggle-wrap right\" style=\"color: #000000;\"><span class=\"wp-block-ub-content-toggle-accordion-state-indicator wp-block-ub-chevron-down\"><\/span><\/div>\n\t\t<\/div>\n\t\t\t<div role=\"region\" aria-expanded=\"false\" class=\"wp-block-ub-content-toggle-accordion-content-wrap ub-hide\" id=\"ub-content-toggle-panel-1-fedd3381-5103-487d-be75-9dc609e131eb\">\n\n<p class=\" eplus-wrapper\" data-block-type=\"core\">Al apuntarse en cualquiera de los cursos se inicia el proceso de automatriculaci\u00f3n de la persona alumna. Ha de completar todos los datos solicitados para poder acceder al curso. Hay un l\u00edmite de dos (2) cursos por persona y a\u00f1o. Siempre tendr\u00e1n prioridad las personas de la Comunidad Aut\u00f3noma Vasca\/Comunidad Aut\u00f3noma de Euskadi.<\/p>\n\n\n\n<p class=\" eplus-wrapper\" data-block-type=\"core\">Los contenidos de los cursos ser\u00e1n visibles en la fecha de inicio de los mismos, detallada en la ficha de cada curso.<\/p>\n\n\n\n<p class=\" eplus-wrapper\" data-block-type=\"core\">Una vez que empieza el curso, si la persona est\u00e1 una semana sin participar en el mismo, se dar\u00e1 de baja autom\u00e1ticamente, asignando su plaza a la primera persona de la lista de espera.<\/p>\n\n\n\n<p class=\" eplus-wrapper\" data-block-type=\"core\">Emakunde acredita los cursos realizados en el marco de EBE de modo independiente, con su computo de horas espec\u00edfico y no sumatorio. En este sentido, dichas acreditaciones no equivalen a los requisitos que las administraciones publicas vascas puedan establecer para diferentes procesos, relativos a una formaci\u00f3n m\u00ednima consistente en la realizaci\u00f3n de un curso de, al menos, 150 horas en materia de igualdad de mujeres y hombres acreditada por un organismo oficial. Por ejemplo: procesos selectivos de personal t\u00e9cnico en materia de igualdad; contrataci\u00f3n p\u00fablica, a fin de que las empresas licitadoras puedan acreditar la formaci\u00f3n del personal; consultoras que quieran ser homologadas por Emakunde.<\/p>\n\n<\/div>\n\t\t<\/div>\n<\/div>\n\n\n<div class=\"wp-block-stackable-spacer stk-block-spacer stk--no-padding stk-block stk-6b3ec1a\" data-block-id=\"6b3ec1a\"><style>.stk-6b3ec1a {height:80px !important;}<\/style><\/div>\n","protected":false},"excerpt":{"rendered":"","protected":false},"author":1,"featured_media":0,"parent":0,"menu_order":0,"comment_status":"closed","ping_status":"closed","template":"","meta":{"_uag_custom_page_level_css":"","_kad_blocks_custom_css":"","_kad_blocks_head_custom_js":"","_kad_blocks_body_custom_js":"","_kad_blocks_footer_custom_js":"","editor_plus_copied_stylings":"{}","footnotes":""},"class_list":["post-2309","page","type-page","status-publish","hentry"],"featured_image_src":null,"taxonomy_info":[],"featured_image_src_large":false,"author_info":{"display_name":"Emakunde","author_link":"https:\/\/formakunde.eus\/es\/author\/tarte1315ka2312\/"},"comment_info":0,"uagb_featured_image_src":{"full":false,"thumbnail":false,"medium":false,"medium_large":false,"large":false,"1536x1536":false,"2048x2048":false,"ultp_layout_landscape_large":false,"ultp_layout_landscape":false,"ultp_layout_portrait":false,"ultp_layout_square":false},"uagb_author_info":{"display_name":"Emakunde","author_link":"https:\/\/formakunde.eus\/es\/author\/tarte1315ka2312\/"},"uagb_comment_info":0,"uagb_excerpt":null,"_links":{"self":[{"href":"https:\/\/formakunde.eus\/es\/wp-json\/wp\/v2\/pages\/2309","targetHints":{"allow":["GET"]}}],"collection":[{"href":"https:\/\/formakunde.eus\/es\/wp-json\/wp\/v2\/pages"}],"about":[{"href":"https:\/\/formakunde.eus\/es\/wp-json\/wp\/v2\/types\/page"}],"author":[{"embeddable":true,"href":"https:\/\/formakunde.eus\/es\/wp-json\/wp\/v2\/users\/1"}],"replies":[{"embeddable":true,"href":"https:\/\/formakunde.eus\/es\/wp-json\/wp\/v2\/comments?post=2309"}],"version-history":[{"count":0,"href":"https:\/\/formakunde.eus\/es\/wp-json\/wp\/v2\/pages\/2309\/revisions"}],"wp:attachment":[{"href":"https:\/\/formakunde.eus\/es\/wp-json\/wp\/v2\/media?parent=2309"}],"curies":[{"name":"wp","href":"https:\/\/api.w.org\/{rel}","templated":true}]}}