{"id":1089537,"date":"2024-01-20T20:39:44","date_gmt":"2024-01-20T19:39:44","guid":{"rendered":"https:\/\/formakunde.eus\/?page_id=1089537"},"modified":"2026-01-23T13:31:56","modified_gmt":"2026-01-23T12:31:56","slug":"coeducacion","status":"publish","type":"page","link":"https:\/\/formakunde.eus\/es\/temas\/coeducacion\/","title":{"rendered":"Coeducaci\u00f3n"},"content":{"rendered":"<div class=\"wp-block-buttons is-layout-flex wp-block-buttons-is-layout-flex\" data-block-type=\"core\"><div class=\"wp-block-button\" data-block-type=\"core\"><a class=\"wp-block-button__link\">+ Info \/ Inscripci\u00f3n<\/a><\/div><\/div>\n\n<figure class=\"wp-block-image size-full\" data-block-type=\"core\"><img loading=\"lazy\" decoding=\"async\" width=\"694\" height=\"497\" src=\"https:\/\/formakunde.eus\/wp-content\/uploads\/2025\/04\/COEDUCACION_caratula-Emakunde.jpg\" alt class=\"wp-image-1090909\" srcset=\"https:\/\/formakunde.eus\/wp-content\/uploads\/2025\/04\/COEDUCACION_caratula-Emakunde.jpg 694w, https:\/\/formakunde.eus\/wp-content\/uploads\/2025\/04\/COEDUCACION_caratula-Emakunde-300x215.jpg 300w\" sizes=\"auto, (max-width: 694px) 100vw, 694px\" \/><\/figure>\n\n<p data-block-type=\"core\"><strong>Educaci\u00f3n para la igualdad: Introducci\u00f3n a la coeducaci\u00f3n<br \/><\/strong>Profesorado: Delicia Aguado-Pel\u00e1ez, Patricia Mart\u00ednez Garc\u00eda.<br \/>Matriculaci\u00f3n: Permanente.<br \/>Fechas del curso: Permanente.<br \/>Duraci\u00f3n: 5 semanas.<br \/>Acreditaci\u00f3n de 20 horas de Formaci\u00f3n.<\/p>\n\n<figure class=\"wp-block-image size-full\" data-block-type=\"core\"><img loading=\"lazy\" decoding=\"async\" width=\"694\" height=\"497\" src=\"https:\/\/formakunde.eus\/wp-content\/uploads\/2025\/04\/HEZKIDETZA_caratula-Emakunde.jpg\" alt class=\"wp-image-1090912\" srcset=\"https:\/\/formakunde.eus\/wp-content\/uploads\/2025\/04\/HEZKIDETZA_caratula-Emakunde.jpg 694w, https:\/\/formakunde.eus\/wp-content\/uploads\/2025\/04\/HEZKIDETZA_caratula-Emakunde-300x215.jpg 300w\" sizes=\"auto, (max-width: 694px) 100vw, 694px\" \/><\/figure>\n\n<p data-block-type=\"core\"><strong>Berdintasunerako hezkuntza: hezkidetzarako sarrera<br \/><\/strong>Profesorado: Delicia Aguado-Pel\u00e1ez, Patricia Mart\u00ednez Garc\u00eda.<br \/>Matriculaci\u00f3n: Permanente.<br \/>Fechas del curso: Permanente.<br \/>Duraci\u00f3n: 5 semanas.<br \/>Acreditaci\u00f3n de 20 horas de Formaci\u00f3n.<\/p>\n\n<div class=\"wp-block-buttons is-layout-flex wp-block-buttons-is-layout-flex\" data-block-type=\"core\"><div class=\"wp-block-button\" data-block-type=\"core\"><a class=\"wp-block-button__link\">+ Info \/  Inscripci\u00f3n<\/a><\/div><\/div>","protected":false},"excerpt":{"rendered":"<p>Educaci\u00f3n para la igualdad: Introducci\u00f3n a la coeducaci\u00f3nProfesorado: Delicia Aguado-Pel\u00e1ez, Patricia Mart\u00ednez Garc\u00eda.Matriculaci\u00f3n: Permanente.Fechas del curso: Permanente.Duraci\u00f3n: 5 semanas.Acreditaci\u00f3n de 20 horas de Formaci\u00f3n. Berdintasunerako hezkuntza: hezkidetzarako sarreraProfesorado: Delicia Aguado-Pel\u00e1ez, [&hellip;]<\/p>\n","protected":false},"author":1,"featured_media":0,"parent":2288,"menu_order":0,"comment_status":"closed","ping_status":"closed","template":"","meta":{"_uag_custom_page_level_css":"","_kad_blocks_custom_css":"","_kad_blocks_head_custom_js":"","_kad_blocks_body_custom_js":"","_kad_blocks_footer_custom_js":"","editor_plus_copied_stylings":"{}","footnotes":""},"class_list":["post-1089537","page","type-page","status-publish","hentry"],"featured_image_src":null,"taxonomy_info":[],"featured_image_src_large":false,"author_info":{"display_name":"Emakunde","author_link":"https:\/\/formakunde.eus\/es\/author\/tarte1315ka2312\/"},"comment_info":0,"uagb_featured_image_src":{"full":false,"thumbnail":false,"medium":false,"medium_large":false,"large":false,"1536x1536":false,"2048x2048":false,"ultp_layout_landscape_large":false,"ultp_layout_landscape":false,"ultp_layout_portrait":false,"ultp_layout_square":false},"uagb_author_info":{"display_name":"Emakunde","author_link":"https:\/\/formakunde.eus\/es\/author\/tarte1315ka2312\/"},"uagb_comment_info":0,"uagb_excerpt":"Educaci\u00f3n para la igualdad: Introducci\u00f3n a la coeducaci\u00f3nProfesorado: Delicia Aguado-Pel\u00e1ez, Patricia Mart\u00ednez Garc\u00eda.Matriculaci\u00f3n: Permanente.Fechas del curso: Permanente.Duraci\u00f3n: 5 semanas.Acreditaci\u00f3n de 20 horas de Formaci\u00f3n. Berdintasunerako hezkuntza: hezkidetzarako sarreraProfesorado: Delicia Aguado-Pel\u00e1ez, [&hellip;]","_links":{"self":[{"href":"https:\/\/formakunde.eus\/es\/wp-json\/wp\/v2\/pages\/1089537","targetHints":{"allow":["GET"]}}],"collection":[{"href":"https:\/\/formakunde.eus\/es\/wp-json\/wp\/v2\/pages"}],"about":[{"href":"https:\/\/formakunde.eus\/es\/wp-json\/wp\/v2\/types\/page"}],"author":[{"embeddable":true,"href":"https:\/\/formakunde.eus\/es\/wp-json\/wp\/v2\/users\/1"}],"replies":[{"embeddable":true,"href":"https:\/\/formakunde.eus\/es\/wp-json\/wp\/v2\/comments?post=1089537"}],"version-history":[{"count":0,"href":"https:\/\/formakunde.eus\/es\/wp-json\/wp\/v2\/pages\/1089537\/revisions"}],"up":[{"embeddable":true,"href":"https:\/\/formakunde.eus\/es\/wp-json\/wp\/v2\/pages\/2288"}],"wp:attachment":[{"href":"https:\/\/formakunde.eus\/es\/wp-json\/wp\/v2\/media?parent=1089537"}],"curies":[{"name":"wp","href":"https:\/\/api.w.org\/{rel}","templated":true}]}}