{"id":1089490,"date":"2024-01-20T19:41:17","date_gmt":"2024-01-20T18:41:17","guid":{"rendered":"https:\/\/formakunde.eus\/?page_id=1089490"},"modified":"2026-04-10T11:10:51","modified_gmt":"2026-04-10T09:10:51","slug":"formacion-avanzada","status":"publish","type":"page","link":"https:\/\/formakunde.eus\/es\/modalidades-formativas\/formacion-avanzada\/","title":{"rendered":"Formaci\u00f3n avanzada"},"content":{"rendered":"<figure class=\"wp-block-image size-full\" data-block-type=\"core\"><img loading=\"lazy\" decoding=\"async\" width=\"694\" height=\"497\" src=\"https:\/\/formakunde.eus\/wp-content\/uploads\/2025\/04\/KIROLA_caratula-Emakunde.jpg\" alt class=\"wp-image-1090973\" srcset=\"https:\/\/formakunde.eus\/wp-content\/uploads\/2025\/04\/KIROLA_caratula-Emakunde.jpg 694w, https:\/\/formakunde.eus\/wp-content\/uploads\/2025\/04\/KIROLA_caratula-Emakunde-300x215.jpg 300w\" sizes=\"auto, (max-width: 694px) 100vw, 694px\" \/><\/figure>\n\n<p data-block-type=\"core\"><strong>Maskulinitateak, berdintasuna eta kirola<br \/><\/strong>Profesorado: Amets Castrejana, Jabier Mu\u00f1oz Moreno, Sergio Fuente.<br \/>Matriculaci\u00f3n: 6 de abril al 1 de mayo.<br \/>Fechas del curso: 5 de mayo al 23 de junio.<br \/>Duraci\u00f3n: 8 semanas .<br \/>Acreditaci\u00f3n de 35 horas de Formaci\u00f3n.<\/p>\n\n<div class=\"wp-block-buttons is-layout-flex wp-block-buttons-is-layout-flex\" data-block-type=\"core\"><div class=\"wp-block-button\" data-block-type=\"core\"><a class=\"wp-block-button__link\">+ Info \/  Inscripci\u00f3n<\/a><\/div><\/div>\n\n<figure class=\"wp-block-image size-large\" data-block-type=\"core\"><img loading=\"lazy\" decoding=\"async\" width=\"1024\" height=\"576\" src=\"https:\/\/formakunde.eus\/wp-content\/uploads\/2024\/01\/29-1024x576.png\" alt class=\"wp-image-1089009\" srcset=\"https:\/\/formakunde.eus\/wp-content\/uploads\/2024\/01\/29-1024x576.png 1024w, https:\/\/formakunde.eus\/wp-content\/uploads\/2024\/01\/29-300x169.png 300w, https:\/\/formakunde.eus\/wp-content\/uploads\/2024\/01\/29-768x432.png 768w, https:\/\/formakunde.eus\/wp-content\/uploads\/2024\/01\/29-1536x864.png 1536w, https:\/\/formakunde.eus\/wp-content\/uploads\/2024\/01\/29.png 1920w\" sizes=\"auto, (max-width: 1024px) 100vw, 1024px\" \/><\/figure>\n\n<p data-block-type=\"core\"><strong>Masculinidades, igualdad y buenos tratos en los centros de estudio<br \/><\/strong>Profesorado: Sergio Fuente, Norma V\u00e1zquez, Karlos Garc\u00eda, Bel\u00e9n Gonz\u00e1lez, Asier Ramos, Iker Urquiza, Ibai Fresnedo .<br \/>Duraci\u00f3n: 7 semanas.<br \/>Acreditaci\u00f3n de 35 horas de Formaci\u00f3n.<br \/>Castellano.\u00a0 del 7 de octubre al 24 de noviembre <strong><br \/><\/strong><\/p>\n\n<div class=\"wp-block-buttons is-layout-flex wp-block-buttons-is-layout-flex\" data-block-type=\"core\"><div class=\"wp-block-button\" data-block-type=\"core\"><a class=\"wp-block-button__link\">M\u00e1s info<\/a><\/div><\/div>\n\n<div class=\"wp-block-buttons is-layout-flex wp-block-buttons-is-layout-flex\" data-block-type=\"core\"><div class=\"wp-block-button\" data-block-type=\"core\"><a class=\"wp-block-button__link\">Quiero inscribirme<\/a><\/div><\/div>\n\n<div class=\"wp-block-buttons is-layout-flex wp-block-buttons-is-layout-flex\" data-block-type=\"core\"><div class=\"wp-block-button\" data-block-type=\"core\"><a class=\"wp-block-button__link\">Quiero inscribirme<\/a><\/div><\/div>\n\n<figure class=\"wp-block-image size-full\" data-block-type=\"core\"><img loading=\"lazy\" decoding=\"async\" width=\"694\" height=\"497\" src=\"https:\/\/formakunde.eus\/wp-content\/uploads\/2025\/04\/ECONOMIA_caratula-curso-online_Emakunde.jpg\" alt class=\"wp-image-1090939\" srcset=\"https:\/\/formakunde.eus\/wp-content\/uploads\/2025\/04\/ECONOMIA_caratula-curso-online_Emakunde.jpg 694w, https:\/\/formakunde.eus\/wp-content\/uploads\/2025\/04\/ECONOMIA_caratula-curso-online_Emakunde-300x215.jpg 300w\" sizes=\"auto, (max-width: 694px) 100vw, 694px\" \/><\/figure>\n\n<p data-block-type=\"core\"><strong>Econom\u00eda Feminista<br \/><\/strong>Profesorado: Uzuri Aboitiz.<br \/>Matriculaci\u00f3n: 5 de octubre al 30 de octubre.<br \/>Fechas del curso: 2 de noviembre al 6 de diciembre.<br \/>Duraci\u00f3n: 5 semanas.<br \/>Acreditaci\u00f3n: 20 horas de formaci\u00f3n acreditada. <strong><br \/><\/strong><\/p>\n\n<div class=\"wp-block-buttons is-layout-flex wp-block-buttons-is-layout-flex\" data-block-type=\"core\"><div class=\"wp-block-button\" data-block-type=\"core\"><a class=\"wp-block-button__link\">+ Info \/  Inscripci\u00f3n<\/a><\/div><\/div>\n\n<figure class=\"wp-block-image size-full\" data-block-type=\"core\"><img loading=\"lazy\" decoding=\"async\" width=\"694\" height=\"497\" src=\"https:\/\/formakunde.eus\/wp-content\/uploads\/2025\/04\/EKONOMIA_caratula-curso-online_Emakunde.jpg\" alt class=\"wp-image-1090942\" srcset=\"https:\/\/formakunde.eus\/wp-content\/uploads\/2025\/04\/EKONOMIA_caratula-curso-online_Emakunde.jpg 694w, https:\/\/formakunde.eus\/wp-content\/uploads\/2025\/04\/EKONOMIA_caratula-curso-online_Emakunde-300x215.jpg 300w\" sizes=\"auto, (max-width: 694px) 100vw, 694px\" \/><\/figure>\n\n<p data-block-type=\"core\"><strong>Ekonomia Feminista<br \/><\/strong>Profesorado: Uzuri Aboitiz.<br \/>Matriculaci\u00f3n: 7 de setiembre al 2 de octubre.<br \/>Fechas del curso: 5 de octubre al 8 de noviembre.<br \/>Duraci\u00f3n: 5 semanas.<br \/>Acreditaci\u00f3n: 20 horas de formaci\u00f3n acreditada. <strong><br \/><\/strong><\/p>\n\n<div class=\"wp-block-buttons is-layout-flex wp-block-buttons-is-layout-flex\" data-block-type=\"core\"><div class=\"wp-block-button\" data-block-type=\"core\"><a class=\"wp-block-button__link\">+ Info \/  Inscripci\u00f3n<\/a><\/div><\/div>\n\n<p data-block-type=\"core\"><strong>Atenci\u00f3n e intervenci\u00f3n con mujeres con discapacidad v\u00edctimas de violencia machista.<\/strong><br \/>Programa Jabetuz. <br \/>Profesorado: Izaskun Jim\u00e9nez (FEKOOR), M\u00aa \u00c1ngeles Cantalapiedra (EUSKAL GORRAK), M\u00aa Jos\u00e9 Cano (FEDEAFES), Luisa Gonz\u00e1lez-Sara Fern\u00e1ndez (PLENA INCLUSI\u00d3N), ONCE.<br \/>Castellano.<br \/>Horas acreditadas 65.<strong><br \/><\/strong><\/p>\n\n<p data-block-type=\"core\"><strong>Formaci\u00f3n para la atenci\u00f3n e intervenci\u00f3n con hijas e hijos v\u00edctimas de violencia machista.<\/strong><br \/>Programa Jabetuz. <br \/>Profesorado: Ra\u00fal Lizana, Mar\u00eda Naredo.<br \/>Castellano.<br \/>Horas acreditadas 30.<\/p>\n\n<p data-block-type=\"core\"><strong>Formaci\u00f3n para la atenci\u00f3n e intervenci\u00f3n con mujeres mayores v\u00edctimas de violencia machista.<\/strong><br \/>Programa Jabetuz. <br \/>Profesorado : M\u00f3nica Ramos, Jes\u00fas Goyenechea.<br \/>Castellano.<br \/>Horas acreditadas 30.<\/p>\n\n<p data-block-type=\"core\"><strong>Formaci\u00f3n para la capacitaci\u00f3n para la atenci\u00f3n de mujeres gitanas en situaci\u00f3n de violencia de g\u00e9nero.<\/strong><br \/>Programa Jabetuz. <br \/>Profesorado: Tania Mart\u00ednez Portugal, Tamara Claver\u00eda J\u00edmenez .<br \/>Castellano.<br \/>Horas acreditadas 25.<\/p>\n\n<p data-block-type=\"core\"><strong>Masculinidades, igualdad y buenos tratos en los centros de estudio<br \/><\/strong>Profesorado: Sergio Fuente, Norma V\u00e1zquez, Karlos Garc\u00eda, Bel\u00e9n Gonz\u00e1lez, Asier Ramos, Iker Urquiza, Ibai Fresnedo .<br \/>Duraci\u00f3n: 7 semanas.<br \/>Acreditaci\u00f3n de 35 horas de Formaci\u00f3n.<br \/>Castellano.\u00a0 del 7 de octubre al 24 de noviembre <strong><br \/><\/strong><\/p>\n\n<div class=\"wp-block-buttons is-layout-flex wp-block-buttons-is-layout-flex\" data-block-type=\"core\"><div class=\"wp-block-button\" data-block-type=\"core\"><a class=\"wp-block-button__link\">M\u00e1s info<\/a><\/div><\/div>\n\n<div class=\"wp-block-buttons is-layout-flex wp-block-buttons-is-layout-flex\" data-block-type=\"core\"><div class=\"wp-block-button\" data-block-type=\"core\"><a class=\"wp-block-button__link\">Quiero inscribirme<\/a><\/div><\/div>\n\n<p data-block-type=\"core\"><strong>Maskulinitateak, berdintasuna eta kirola<br \/><\/strong>Profesorado:\u00a0<span id=\"p8R_mc54\" class=\"markedContent\"><span dir=\"ltr\" style=\"left: calc(var(--scale-factor)*236.03px); top: calc(var(--scale-factor)*449.46px); font-size: calc(var(--scale-factor)*10.99px); font-family: sans-serif; transform: scaleX(1.19889);\" role=\"presentation\">Amets Castrejana. <\/span><\/span><span id=\"p8R_mc59\" class=\"markedContent\"><span dir=\"ltr\" style=\"left: calc(var(--scale-factor)*236.03px); top: calc(var(--scale-factor)*520.71px); font-size: calc(var(--scale-factor)*10.99px); font-family: sans-serif; transform: scaleX(1.18806);\" role=\"presentation\">Ander<\/span> <span dir=\"ltr\" style=\"left: calc(var(--scale-factor)*279.34px); top: calc(var(--scale-factor)*520.71px); font-size: calc(var(--scale-factor)*10.99px); font-family: sans-serif; transform: scaleX(1.246);\" role=\"presentation\">Lertxundi, <\/span><\/span><span id=\"p8R_mc64\" class=\"markedContent\"><span dir=\"ltr\" style=\"left: calc(var(--scale-factor)*236.03px); top: calc(var(--scale-factor)*577.71px); font-size: calc(var(--scale-factor)*10.99px); font-family: sans-serif; transform: scaleX(1.17778);\" role=\"presentation\">Sergio<\/span> <span dir=\"ltr\" style=\"left: calc(var(--scale-factor)*287.20px); top: calc(var(--scale-factor)*577.71px); font-size: calc(var(--scale-factor)*10.99px); font-family: sans-serif; transform: scaleX(1.18896);\" role=\"presentation\">Fuente.<\/span><\/span><span id=\"p8R_mc65\" class=\"markedContent\"> <\/span><br \/>Duraci\u00f3n: 7 semanas.<br \/>Acreditaci\u00f3n de 35 horas de Formaci\u00f3n.<br \/>Euskera. del 15 de abril\u00a0 al 26 de junio.<br \/><strong><br \/><\/strong><\/p>\n\n<div class=\"wp-block-buttons is-layout-flex wp-block-buttons-is-layout-flex\" data-block-type=\"core\"><div class=\"wp-block-button\" data-block-type=\"core\"><a class=\"wp-block-button__link\">M\u00e1s info<\/a><\/div><\/div>\n\n<div class=\"wp-block-buttons is-layout-flex wp-block-buttons-is-layout-flex\" data-block-type=\"core\"><div class=\"wp-block-button\" data-block-type=\"core\"><a class=\"wp-block-button__link\">Quiero inscribirme<\/a><\/div><\/div>\n\n<p data-block-type=\"core\"><strong>Econom\u00eda Feminista<br \/><\/strong>Profesorado: Uzuri Aboitiz.<br \/>Duraci\u00f3n: 5 semanas.<br \/>Acreditaci\u00f3n: 30 horas de formaci\u00f3n acreditada. <br \/>Castellano. Del 30 de septiembre al 5 de noviembre<strong>.<br \/><\/strong><\/p>\n\n<div class=\"wp-block-buttons is-layout-flex wp-block-buttons-is-layout-flex\" data-block-type=\"core\"><div class=\"wp-block-button\" data-block-type=\"core\"><a class=\"wp-block-button__link\">M\u00e1s info<\/a><\/div><\/div>\n\n<div class=\"wp-block-buttons is-layout-flex wp-block-buttons-is-layout-flex\" data-block-type=\"core\"><div class=\"wp-block-button\" data-block-type=\"core\"><a class=\"wp-block-button__link\">Quiero inscribirme<\/a><\/div><\/div>\n\n<p data-block-type=\"core\"><strong>Ekonomia Feminista<br \/><\/strong>Profesorado: Uzuri Aboitiz.<br \/>Duraci\u00f3n: 5 semanas.<br \/>30 horas de formaci\u00f3n acreditada. <br \/>Euskera. Del 11 de noviembre al 17 de diciembre<strong>.<br \/><\/strong><\/p>\n\n<div class=\"wp-block-buttons is-layout-flex wp-block-buttons-is-layout-flex\" data-block-type=\"core\"><div class=\"wp-block-button\" data-block-type=\"core\"><a class=\"wp-block-button__link\">M\u00e1s info<\/a><\/div><\/div>\n\n<div class=\"wp-block-buttons is-layout-flex wp-block-buttons-is-layout-flex\" data-block-type=\"core\"><div class=\"wp-block-button\" data-block-type=\"core\"><a class=\"wp-block-button__link\">Quiero inscribirme<\/a><\/div><\/div>","protected":false},"excerpt":{"rendered":"<p>Maskulinitateak, berdintasuna eta kirolaProfesorado: Amets Castrejana, Jabier Mu\u00f1oz Moreno, Sergio Fuente.Matriculaci\u00f3n: 6 de abril al 1 de mayo.Fechas del curso: 5 de mayo al 23 de junio.Duraci\u00f3n: 8 semanas .Acreditaci\u00f3n [&hellip;]<\/p>\n","protected":false},"author":1,"featured_media":0,"parent":2290,"menu_order":0,"comment_status":"closed","ping_status":"closed","template":"","meta":{"_uag_custom_page_level_css":"","_kad_blocks_custom_css":"","_kad_blocks_head_custom_js":"","_kad_blocks_body_custom_js":"","_kad_blocks_footer_custom_js":"","editor_plus_copied_stylings":"{}","footnotes":""},"class_list":["post-1089490","page","type-page","status-publish","hentry"],"featured_image_src":null,"taxonomy_info":[],"featured_image_src_large":false,"author_info":{"display_name":"Emakunde","author_link":"https:\/\/formakunde.eus\/es\/author\/tarte1315ka2312\/"},"comment_info":0,"uagb_featured_image_src":{"full":false,"thumbnail":false,"medium":false,"medium_large":false,"large":false,"1536x1536":false,"2048x2048":false,"ultp_layout_landscape_large":false,"ultp_layout_landscape":false,"ultp_layout_portrait":false,"ultp_layout_square":false},"uagb_author_info":{"display_name":"Emakunde","author_link":"https:\/\/formakunde.eus\/es\/author\/tarte1315ka2312\/"},"uagb_comment_info":0,"uagb_excerpt":"Maskulinitateak, berdintasuna eta kirolaProfesorado: Amets Castrejana, Jabier Mu\u00f1oz Moreno, Sergio Fuente.Matriculaci\u00f3n: 6 de abril al 1 de mayo.Fechas del curso: 5 de mayo al 23 de junio.Duraci\u00f3n: 8 semanas .Acreditaci\u00f3n [&hellip;]","_links":{"self":[{"href":"https:\/\/formakunde.eus\/es\/wp-json\/wp\/v2\/pages\/1089490","targetHints":{"allow":["GET"]}}],"collection":[{"href":"https:\/\/formakunde.eus\/es\/wp-json\/wp\/v2\/pages"}],"about":[{"href":"https:\/\/formakunde.eus\/es\/wp-json\/wp\/v2\/types\/page"}],"author":[{"embeddable":true,"href":"https:\/\/formakunde.eus\/es\/wp-json\/wp\/v2\/users\/1"}],"replies":[{"embeddable":true,"href":"https:\/\/formakunde.eus\/es\/wp-json\/wp\/v2\/comments?post=1089490"}],"version-history":[{"count":0,"href":"https:\/\/formakunde.eus\/es\/wp-json\/wp\/v2\/pages\/1089490\/revisions"}],"up":[{"embeddable":true,"href":"https:\/\/formakunde.eus\/es\/wp-json\/wp\/v2\/pages\/2290"}],"wp:attachment":[{"href":"https:\/\/formakunde.eus\/es\/wp-json\/wp\/v2\/media?parent=1089490"}],"curies":[{"name":"wp","href":"https:\/\/api.w.org\/{rel}","templated":true}]}}