{"id":1089093,"date":"2024-01-19T09:51:00","date_gmt":"2024-01-19T08:51:00","guid":{"rendered":"https:\/\/formakunde.eus\/?page_id=1089093"},"modified":"2026-01-23T13:37:40","modified_gmt":"2026-01-23T12:37:40","slug":"salud","status":"publish","type":"page","link":"https:\/\/formakunde.eus\/es\/temas\/salud\/","title":{"rendered":"Salud"},"content":{"rendered":"<figure class=\"wp-block-image size-full\" data-block-type=\"core\"><img loading=\"lazy\" decoding=\"async\" width=\"694\" height=\"497\" src=\"https:\/\/formakunde.eus\/wp-content\/uploads\/2025\/04\/GENERO-Y-SALUD_caratula-curso-online_Emakunde.jpg\" alt class=\"wp-image-1090932\" srcset=\"https:\/\/formakunde.eus\/wp-content\/uploads\/2025\/04\/GENERO-Y-SALUD_caratula-curso-online_Emakunde.jpg 694w, https:\/\/formakunde.eus\/wp-content\/uploads\/2025\/04\/GENERO-Y-SALUD_caratula-curso-online_Emakunde-300x215.jpg 300w\" sizes=\"auto, (max-width: 694px) 100vw, 694px\" \/><\/figure>\n\n<p data-block-type=\"core\"><strong>Sensibilizaci\u00f3n sobre salud y g\u00e9nero<br \/><\/strong>Profesorado: Amaia Bacigalupe, Marta Jim\u00e9nez, Andrea Cabezas, Xabi Mart\u00ednez<strong>.<\/strong><br \/>Matriculaci\u00f3n: PERMANENTE.<br \/>Fechas del curso: PERMANENTE.<br \/>Acreditaci\u00f3n de 20 horas de formaci\u00f3n.<\/p>\n\n<div class=\"wp-block-buttons is-layout-flex wp-block-buttons-is-layout-flex\" data-block-type=\"core\"><div class=\"wp-block-button\" data-block-type=\"core\"><a class=\"wp-block-button__link\">+ Info \/  Inscripci\u00f3n<\/a><\/div><\/div>\n\n<div class=\"wp-block-buttons is-layout-flex wp-block-buttons-is-layout-flex\" data-block-type=\"core\"><div class=\"wp-block-button\" data-block-type=\"core\"><a class=\"wp-block-button__link\">+ Info \/  Inscripci\u00f3n<\/a><\/div><\/div>\n\n<figure class=\"wp-block-image size-full\" data-block-type=\"core\"><img loading=\"lazy\" decoding=\"async\" width=\"694\" height=\"497\" src=\"https:\/\/formakunde.eus\/wp-content\/uploads\/2025\/04\/OSASUNA-ETA-GENEROA_caratula-curso-online_Emakunde.jpg\" alt class=\"wp-image-1090935\" srcset=\"https:\/\/formakunde.eus\/wp-content\/uploads\/2025\/04\/OSASUNA-ETA-GENEROA_caratula-curso-online_Emakunde.jpg 694w, https:\/\/formakunde.eus\/wp-content\/uploads\/2025\/04\/OSASUNA-ETA-GENEROA_caratula-curso-online_Emakunde-300x215.jpg 300w\" sizes=\"auto, (max-width: 694px) 100vw, 694px\" \/><\/figure>\n\n<p data-block-type=\"core\"><strong>Osasunari eta generoari buruzko sentsibilizazioa<br \/><\/strong>Profesorado: Amaia Bacigalupe, Marta Jim\u00e9nez, Andrea Cabezas, Xabi Mart\u00ednez<strong>.<\/strong><br \/>Matriculaci\u00f3n: PERMANENTE.<br \/>Fechas del curso: PERMANENTE.<br \/>Acreditaci\u00f3n de 20 horas de formaci\u00f3n.<\/p>","protected":false},"excerpt":{"rendered":"<p>Sensibilizaci\u00f3n sobre salud y g\u00e9neroProfesorado: Amaia Bacigalupe, Marta Jim\u00e9nez, Andrea Cabezas, Xabi Mart\u00ednez.Matriculaci\u00f3n: PERMANENTE.Fechas del curso: PERMANENTE.Acreditaci\u00f3n de 20 horas de formaci\u00f3n. Osasunari eta generoari buruzko sentsibilizazioaProfesorado: Amaia Bacigalupe, Marta [&hellip;]<\/p>\n","protected":false},"author":1,"featured_media":0,"parent":2288,"menu_order":0,"comment_status":"closed","ping_status":"closed","template":"","meta":{"_uag_custom_page_level_css":"","_kad_blocks_custom_css":"","_kad_blocks_head_custom_js":"","_kad_blocks_body_custom_js":"","_kad_blocks_footer_custom_js":"","editor_plus_copied_stylings":"{}","footnotes":""},"class_list":["post-1089093","page","type-page","status-publish","hentry"],"featured_image_src":null,"taxonomy_info":[],"featured_image_src_large":false,"author_info":{"display_name":"Emakunde","author_link":"https:\/\/formakunde.eus\/es\/author\/tarte1315ka2312\/"},"comment_info":0,"uagb_featured_image_src":{"full":false,"thumbnail":false,"medium":false,"medium_large":false,"large":false,"1536x1536":false,"2048x2048":false,"ultp_layout_landscape_large":false,"ultp_layout_landscape":false,"ultp_layout_portrait":false,"ultp_layout_square":false},"uagb_author_info":{"display_name":"Emakunde","author_link":"https:\/\/formakunde.eus\/es\/author\/tarte1315ka2312\/"},"uagb_comment_info":0,"uagb_excerpt":"Sensibilizaci\u00f3n sobre salud y g\u00e9neroProfesorado: Amaia Bacigalupe, Marta Jim\u00e9nez, Andrea Cabezas, Xabi Mart\u00ednez.Matriculaci\u00f3n: PERMANENTE.Fechas del curso: PERMANENTE.Acreditaci\u00f3n de 20 horas de formaci\u00f3n. Osasunari eta generoari buruzko sentsibilizazioaProfesorado: Amaia Bacigalupe, Marta [&hellip;]","_links":{"self":[{"href":"https:\/\/formakunde.eus\/es\/wp-json\/wp\/v2\/pages\/1089093","targetHints":{"allow":["GET"]}}],"collection":[{"href":"https:\/\/formakunde.eus\/es\/wp-json\/wp\/v2\/pages"}],"about":[{"href":"https:\/\/formakunde.eus\/es\/wp-json\/wp\/v2\/types\/page"}],"author":[{"embeddable":true,"href":"https:\/\/formakunde.eus\/es\/wp-json\/wp\/v2\/users\/1"}],"replies":[{"embeddable":true,"href":"https:\/\/formakunde.eus\/es\/wp-json\/wp\/v2\/comments?post=1089093"}],"version-history":[{"count":0,"href":"https:\/\/formakunde.eus\/es\/wp-json\/wp\/v2\/pages\/1089093\/revisions"}],"up":[{"embeddable":true,"href":"https:\/\/formakunde.eus\/es\/wp-json\/wp\/v2\/pages\/2288"}],"wp:attachment":[{"href":"https:\/\/formakunde.eus\/es\/wp-json\/wp\/v2\/media?parent=1089093"}],"curies":[{"name":"wp","href":"https:\/\/api.w.org\/{rel}","templated":true}]}}