{"id":1089058,"date":"2024-01-19T08:56:00","date_gmt":"2024-01-19T07:56:00","guid":{"rendered":"https:\/\/formakunde.eus\/?page_id=1089058"},"modified":"2026-01-23T13:52:30","modified_gmt":"2026-01-23T12:52:30","slug":"violencias-machistas","status":"publish","type":"page","link":"https:\/\/formakunde.eus\/es\/temas\/violencias-machistas\/","title":{"rendered":"Violencias machistas"},"content":{"rendered":"<figure class=\"wp-block-image size-full\" data-block-type=\"core\"><img loading=\"lazy\" decoding=\"async\" width=\"694\" height=\"497\" src=\"https:\/\/formakunde.eus\/wp-content\/uploads\/2025\/04\/IGUALDAD_caratula-curso-online_Emakunde-1.jpg\" alt class=\"wp-image-1090958\" srcset=\"https:\/\/formakunde.eus\/wp-content\/uploads\/2025\/04\/IGUALDAD_caratula-curso-online_Emakunde-1.jpg 694w, https:\/\/formakunde.eus\/wp-content\/uploads\/2025\/04\/IGUALDAD_caratula-curso-online_Emakunde-1-300x215.jpg 300w\" sizes=\"auto, (max-width: 694px) 100vw, 694px\" \/><\/figure>\n\n<p data-block-type=\"core\"><strong>Violencia contra las mujeres. Conceptos b\u00e1sicos. <\/strong><br \/>Profesorado: Norma V\u00e1zquez, Ane Garc\u00eda-Alzorriz. Sortzen Consultoria.<br \/>Matriculaci\u00f3n: 5 de octubre al 30 de octubre.<br \/>Fechas del curso: 2 de noviembre al 6 de diciembre.<br \/>Horas acreditadas 25.<\/p>\n\n<div class=\"wp-block-buttons is-layout-flex wp-block-buttons-is-layout-flex\" data-block-type=\"core\"><div class=\"wp-block-button\" data-block-type=\"core\"><a class=\"wp-block-button__link\">+ Info \/  Inscripci\u00f3n<\/a><\/div><\/div>\n\n<figure class=\"wp-block-image size-full\" data-block-type=\"core\"><img loading=\"lazy\" decoding=\"async\" width=\"694\" height=\"497\" src=\"https:\/\/formakunde.eus\/wp-content\/uploads\/2025\/04\/BERDINTASUNA_caratula-curso-online_Emakunde-1.jpg\" alt class=\"wp-image-1090960\" srcset=\"https:\/\/formakunde.eus\/wp-content\/uploads\/2025\/04\/BERDINTASUNA_caratula-curso-online_Emakunde-1.jpg 694w, https:\/\/formakunde.eus\/wp-content\/uploads\/2025\/04\/BERDINTASUNA_caratula-curso-online_Emakunde-1-300x215.jpg 300w\" sizes=\"auto, (max-width: 694px) 100vw, 694px\" \/><\/figure>\n\n<p data-block-type=\"core\"><strong>Emakumeen kontrako indarkeria matxistak. Oinarrizko kontzeptuak. <\/strong><br \/>Profesorado: Norma V\u00e1zquez, Ane Garc\u00eda-Alzorriz. Sortzen Consultoria.<br \/>Matriculaci\u00f3n: 1 de julio al 11 de setiembre.<br \/>Fechas del curso: 14 de setiembre al 18 de octubre.<br \/>Horas acreditadas 25.<\/p>\n\n<div class=\"wp-block-buttons is-layout-flex wp-block-buttons-is-layout-flex\" data-block-type=\"core\"><div class=\"wp-block-button\" data-block-type=\"core\"><a class=\"wp-block-button__link\">+ Info \/  Inscripci\u00f3n<\/a><\/div><\/div>","protected":false},"excerpt":{"rendered":"<p>Violencia contra las mujeres. Conceptos b\u00e1sicos. Profesorado: Norma V\u00e1zquez, Ane Garc\u00eda-Alzorriz. Sortzen Consultoria.Matriculaci\u00f3n: 5 de octubre al 30 de octubre.Fechas del curso: 2 de noviembre al 6 de diciembre.Horas acreditadas [&hellip;]<\/p>\n","protected":false},"author":1,"featured_media":0,"parent":2288,"menu_order":0,"comment_status":"closed","ping_status":"closed","template":"","meta":{"_uag_custom_page_level_css":"","_kad_blocks_custom_css":"","_kad_blocks_head_custom_js":"","_kad_blocks_body_custom_js":"","_kad_blocks_footer_custom_js":"","editor_plus_copied_stylings":"{}","footnotes":""},"class_list":["post-1089058","page","type-page","status-publish","hentry"],"featured_image_src":null,"taxonomy_info":[],"featured_image_src_large":false,"author_info":{"display_name":"Emakunde","author_link":"https:\/\/formakunde.eus\/es\/author\/tarte1315ka2312\/"},"comment_info":0,"uagb_featured_image_src":{"full":false,"thumbnail":false,"medium":false,"medium_large":false,"large":false,"1536x1536":false,"2048x2048":false,"ultp_layout_landscape_large":false,"ultp_layout_landscape":false,"ultp_layout_portrait":false,"ultp_layout_square":false},"uagb_author_info":{"display_name":"Emakunde","author_link":"https:\/\/formakunde.eus\/es\/author\/tarte1315ka2312\/"},"uagb_comment_info":0,"uagb_excerpt":"Violencia contra las mujeres. Conceptos b\u00e1sicos. Profesorado: Norma V\u00e1zquez, Ane Garc\u00eda-Alzorriz. Sortzen Consultoria.Matriculaci\u00f3n: 5 de octubre al 30 de octubre.Fechas del curso: 2 de noviembre al 6 de diciembre.Horas acreditadas [&hellip;]","_links":{"self":[{"href":"https:\/\/formakunde.eus\/es\/wp-json\/wp\/v2\/pages\/1089058","targetHints":{"allow":["GET"]}}],"collection":[{"href":"https:\/\/formakunde.eus\/es\/wp-json\/wp\/v2\/pages"}],"about":[{"href":"https:\/\/formakunde.eus\/es\/wp-json\/wp\/v2\/types\/page"}],"author":[{"embeddable":true,"href":"https:\/\/formakunde.eus\/es\/wp-json\/wp\/v2\/users\/1"}],"replies":[{"embeddable":true,"href":"https:\/\/formakunde.eus\/es\/wp-json\/wp\/v2\/comments?post=1089058"}],"version-history":[{"count":0,"href":"https:\/\/formakunde.eus\/es\/wp-json\/wp\/v2\/pages\/1089058\/revisions"}],"up":[{"embeddable":true,"href":"https:\/\/formakunde.eus\/es\/wp-json\/wp\/v2\/pages\/2288"}],"wp:attachment":[{"href":"https:\/\/formakunde.eus\/es\/wp-json\/wp\/v2\/media?parent=1089058"}],"curies":[{"name":"wp","href":"https:\/\/api.w.org\/{rel}","templated":true}]}}