{"id":1089030,"date":"2024-01-19T08:27:38","date_gmt":"2024-01-19T07:27:38","guid":{"rendered":"https:\/\/formakunde.eus\/?page_id=1089030"},"modified":"2026-01-23T13:29:13","modified_gmt":"2026-01-23T12:29:13","slug":"feminismos-y-empoderamiento","status":"publish","type":"page","link":"https:\/\/formakunde.eus\/es\/temas\/feminismos-y-empoderamiento\/","title":{"rendered":"Feminismos y empoderamiento"},"content":{"rendered":"<figure class=\"wp-block-image size-full\" data-block-type=\"core\"><img loading=\"lazy\" decoding=\"async\" width=\"694\" height=\"497\" src=\"https:\/\/formakunde.eus\/wp-content\/uploads\/2025\/04\/EMPODERAMIENTO_caratula-curso-online_Emakunde.jpg\" alt class=\"wp-image-1090898\" srcset=\"https:\/\/formakunde.eus\/wp-content\/uploads\/2025\/04\/EMPODERAMIENTO_caratula-curso-online_Emakunde.jpg 694w, https:\/\/formakunde.eus\/wp-content\/uploads\/2025\/04\/EMPODERAMIENTO_caratula-curso-online_Emakunde-300x215.jpg 300w\" sizes=\"auto, (max-width: 694px) 100vw, 694px\" \/><\/figure>\n\n<p data-block-type=\"core\"><strong>El empoderamiento feminista como estrategia.<br \/><\/strong>Profesorado: Clara Murguialday.<br \/>Matriculaci\u00f3n: 4 de mayo al 29 de mayo.<br \/>Fechas del curso: 1 de junio al 5 de julio.<br \/>Duraci\u00f3n: 5 semanas .<br \/>Acreditaci\u00f3n de 25 horas de Formaci\u00f3n.<\/p>\n\n<div class=\"wp-block-buttons is-layout-flex wp-block-buttons-is-layout-flex\" data-block-type=\"core\"><div class=\"wp-block-button\" data-block-type=\"core\"><a class=\"wp-block-button__link\">+ Info \/  Inscripci\u00f3n<\/a><\/div><\/div>\n\n<figure class=\"wp-block-image size-full\" data-block-type=\"core\"><img loading=\"lazy\" decoding=\"async\" width=\"694\" height=\"497\" src=\"https:\/\/formakunde.eus\/wp-content\/uploads\/2025\/04\/CIBERFEMINISMO_caratula-curso-online_Emakunde.jpg\" alt class=\"wp-image-1090901\" srcset=\"https:\/\/formakunde.eus\/wp-content\/uploads\/2025\/04\/CIBERFEMINISMO_caratula-curso-online_Emakunde.jpg 694w, https:\/\/formakunde.eus\/wp-content\/uploads\/2025\/04\/CIBERFEMINISMO_caratula-curso-online_Emakunde-300x215.jpg 300w\" sizes=\"auto, (max-width: 694px) 100vw, 694px\" \/><\/figure>\n\n<p data-block-type=\"core\"><strong>Ciberfeminismo.<br \/><\/strong>Profesorado: Andrea Momoito.<br \/>Matriculaci\u00f3n: PERMANENTE.<br \/>Fechas del curso: PERMANENTE.<br \/>Acreditaci\u00f3n de 15 horas de Formaci\u00f3n.<\/p>\n\n<div class=\"wp-block-buttons is-layout-flex wp-block-buttons-is-layout-flex\" data-block-type=\"core\"><div class=\"wp-block-button\" data-block-type=\"core\"><a class=\"wp-block-button__link\">+ Info \/  Inscripci\u00f3n<\/a><\/div><\/div>\n\n<figure class=\"wp-block-image size-full\" data-block-type=\"core\"><img loading=\"lazy\" decoding=\"async\" width=\"694\" height=\"497\" src=\"https:\/\/formakunde.eus\/wp-content\/uploads\/2025\/04\/AHALDUNTZEA_caratula-curso-online_Emakunde.jpg\" alt class=\"wp-image-1090905\" srcset=\"https:\/\/formakunde.eus\/wp-content\/uploads\/2025\/04\/AHALDUNTZEA_caratula-curso-online_Emakunde.jpg 694w, https:\/\/formakunde.eus\/wp-content\/uploads\/2025\/04\/AHALDUNTZEA_caratula-curso-online_Emakunde-300x215.jpg 300w\" sizes=\"auto, (max-width: 694px) 100vw, 694px\" \/><\/figure>\n\n<p data-block-type=\"core\"><strong>Ahalduntze feminista estrategia gisa.<br \/><\/strong>Profesorado: Clara Murguialday.<br \/>Matriculaci\u00f3n: 16 de marzo al 10 de abril.<br \/>Fechas del curso: 13 de abril al 17 de mayo.<br \/>Duraci\u00f3n: 5 semanas .<br \/>Acreditaci\u00f3n de 25 horas de Formaci\u00f3n.<\/p>\n\n<figure class=\"wp-block-image size-full\" data-block-type=\"core\"><img loading=\"lazy\" decoding=\"async\" width=\"694\" height=\"497\" src=\"https:\/\/formakunde.eus\/wp-content\/uploads\/2025\/04\/ZIBERFEMINISMOA_caratula-curso-online_Emakunde.jpg\" alt class=\"wp-image-1090903\" srcset=\"https:\/\/formakunde.eus\/wp-content\/uploads\/2025\/04\/ZIBERFEMINISMOA_caratula-curso-online_Emakunde.jpg 694w, https:\/\/formakunde.eus\/wp-content\/uploads\/2025\/04\/ZIBERFEMINISMOA_caratula-curso-online_Emakunde-300x215.jpg 300w\" sizes=\"auto, (max-width: 694px) 100vw, 694px\" \/><\/figure>\n\n<p data-block-type=\"core\"><strong>Ziberfeminismoa.<br \/><\/strong>Profesorado: Andrea Momoito.<br \/>Matriculaci\u00f3n: PERMANENTE.<br \/>Fechas del curso: PERMANENTE.<br \/>Acreditaci\u00f3n de 15 horas de Formaci\u00f3n.<\/p>\n\n<div class=\"wp-block-buttons is-layout-flex wp-block-buttons-is-layout-flex\" data-block-type=\"core\"><div class=\"wp-block-button\" data-block-type=\"core\"><a class=\"wp-block-button__link\">+ Info \/  Inscripci\u00f3n<\/a><\/div><\/div>\n\n<figure class=\"wp-block-image size-full\" data-block-type=\"core\"><img loading=\"lazy\" decoding=\"async\" width=\"694\" height=\"497\" src=\"https:\/\/formakunde.eus\/wp-content\/uploads\/2025\/04\/PROYECTOS_caratula-Emakunde.jpg\" alt class=\"wp-image-1091052\" srcset=\"https:\/\/formakunde.eus\/wp-content\/uploads\/2025\/04\/PROYECTOS_caratula-Emakunde.jpg 694w, https:\/\/formakunde.eus\/wp-content\/uploads\/2025\/04\/PROYECTOS_caratula-Emakunde-300x215.jpg 300w\" sizes=\"auto, (max-width: 694px) 100vw, 694px\" \/><\/figure>\n\n<p data-block-type=\"core\"><strong>Incorporar la perspectiva de g\u00e9nero en proyectos y actividades.<br \/><\/strong>Profesorado: Juana Etxano Gandarasbeitia, Lidia Ru\u00edz G\u00f3mez, Mar\u00eda Viadero Acha. Mugarik Gabe.<br \/>Matriculaci\u00f3n: 7 de setiembre al 2 de octubre.<br \/>Fechas del curso: 5 de octubre al 8 de noviembre.<br \/>Duraci\u00f3n: 5 semanas.<br \/>Acreditaci\u00f3n de 25 horas de Formaci\u00f3n.<\/p>\n\n<div class=\"wp-block-buttons is-layout-flex wp-block-buttons-is-layout-flex\" data-block-type=\"core\"><div class=\"wp-block-button\" data-block-type=\"core\"><a class=\"wp-block-button__link\">+ Info \/  Inscripci\u00f3n<\/a><\/div><\/div>\n\n<figure class=\"wp-block-image size-full\" data-block-type=\"core\"><img loading=\"lazy\" decoding=\"async\" width=\"694\" height=\"497\" src=\"https:\/\/formakunde.eus\/wp-content\/uploads\/2025\/04\/PROIEKTUAK_caratula-Emakunde.jpg\" alt class=\"wp-image-1090894\" srcset=\"https:\/\/formakunde.eus\/wp-content\/uploads\/2025\/04\/PROIEKTUAK_caratula-Emakunde.jpg 694w, https:\/\/formakunde.eus\/wp-content\/uploads\/2025\/04\/PROIEKTUAK_caratula-Emakunde-300x215.jpg 300w\" sizes=\"auto, (max-width: 694px) 100vw, 694px\" \/><\/figure>\n\n<p data-block-type=\"core\"><strong>Proiektu eta jardueretan genero-ikuspegia txertatzea.<br \/><\/strong>Profesorado: Juana Etxano Gandarasbeitia, Lidia Ru\u00edz G\u00f3mez, Mar\u00eda Viadero Acha. Mugarik Gabe.<br \/>Matriculaci\u00f3n: 20 de abril al 15 de mayo.<br \/>Fechas del curso: 18 de mayo al 21 de junio.<br \/>Duraci\u00f3n: 5 semanas.<br \/>Acreditaci\u00f3n de 25 horas de Formaci\u00f3n.<\/p>\n\n<div class=\"wp-block-buttons is-layout-flex wp-block-buttons-is-layout-flex\" data-block-type=\"core\"><div class=\"wp-block-button\" data-block-type=\"core\"><a class=\"wp-block-button__link\">+ Info \/  Inscripci\u00f3n<\/a><\/div><\/div>\n\n<figure class=\"wp-block-image size-full\" data-block-type=\"core\"><img loading=\"lazy\" decoding=\"async\" width=\"694\" height=\"497\" src=\"https:\/\/formakunde.eus\/wp-content\/uploads\/2025\/04\/HISTORIA-CAST_caratula-curso-online_Emakunde.jpg\" alt class=\"wp-image-1091061\" srcset=\"https:\/\/formakunde.eus\/wp-content\/uploads\/2025\/04\/HISTORIA-CAST_caratula-curso-online_Emakunde.jpg 694w, https:\/\/formakunde.eus\/wp-content\/uploads\/2025\/04\/HISTORIA-CAST_caratula-curso-online_Emakunde-300x215.jpg 300w\" sizes=\"auto, (max-width: 694px) 100vw, 694px\" \/><\/figure>\n\n<p data-block-type=\"core\"><strong>Historia de los feminismos\u2026 o c\u00f3mo hemos llegado hasta aqu\u00ed.<br \/><\/strong>Profesorado: Miren Aranguren Etxarte.<br \/>Matriculaci\u00f3n: 1 de julio al 11 de setiembre.<br \/>Fechas del curso: 14 de setiembre al 18 de octubre.<br \/>Duraci\u00f3n: 5 semanas.<br \/>Acreditaci\u00f3n de 25 horas de Formaci\u00f3n.<\/p>\n\n<div class=\"wp-block-buttons is-layout-flex wp-block-buttons-is-layout-flex\" data-block-type=\"core\"><div class=\"wp-block-button\" data-block-type=\"core\"><a class=\"wp-block-button__link\">+ Info \/  Inscripci\u00f3n<\/a><\/div><\/div>\n\n<figure class=\"wp-block-image size-full\" data-block-type=\"core\"><img loading=\"lazy\" decoding=\"async\" width=\"694\" height=\"497\" src=\"https:\/\/formakunde.eus\/wp-content\/uploads\/2025\/04\/HISTORIA-EUSK_Caratula-curso-online_Emakunde.jpg\" alt class=\"wp-image-1091063\" srcset=\"https:\/\/formakunde.eus\/wp-content\/uploads\/2025\/04\/HISTORIA-EUSK_Caratula-curso-online_Emakunde.jpg 694w, https:\/\/formakunde.eus\/wp-content\/uploads\/2025\/04\/HISTORIA-EUSK_Caratula-curso-online_Emakunde-300x215.jpg 300w\" sizes=\"auto, (max-width: 694px) 100vw, 694px\" \/><\/figure>\n\n<p data-block-type=\"core\"><strong>Feminismoen historia\u2026 edo nola iritsi gara honaino.<br \/><\/strong>Profesorado: Miren Aranguren Etxarte.<br \/>Matriculaci\u00f3n: 16 de marzo al 10 de abril.<br \/>Fechas del curso: 13 de abril al 17 de mayo.<br \/>Duraci\u00f3n: 5 semanas.<br \/>Acreditaci\u00f3n de 25 horas de Formaci\u00f3n.<\/p>\n\n<div class=\"wp-block-buttons is-layout-flex wp-block-buttons-is-layout-flex\" data-block-type=\"core\"><div class=\"wp-block-button\" data-block-type=\"core\"><a class=\"wp-block-button__link\">+ Info \/  Inscripci\u00f3n<\/a><\/div><\/div>\n\n<figure class=\"wp-block-image size-full\" data-block-type=\"core\"><img loading=\"lazy\" decoding=\"async\" width=\"694\" height=\"497\" src=\"https:\/\/formakunde.eus\/wp-content\/uploads\/2025\/04\/ECOFEMINISMO_caratula-curso-online_Emakunde.jpg\" alt class=\"wp-image-1091067\" srcset=\"https:\/\/formakunde.eus\/wp-content\/uploads\/2025\/04\/ECOFEMINISMO_caratula-curso-online_Emakunde.jpg 694w, https:\/\/formakunde.eus\/wp-content\/uploads\/2025\/04\/ECOFEMINISMO_caratula-curso-online_Emakunde-300x215.jpg 300w\" sizes=\"auto, (max-width: 694px) 100vw, 694px\" \/><\/figure>\n\n<p data-block-type=\"core\"><strong>Ecofeminismo. De la teor\u00eda a la pr\u00e1ctica.<br \/><\/strong>Profesorado: Alicia H. Puleo, Dina Garz\u00f3n.<br \/>Matriculaci\u00f3n: 4 de mayo al 29 de mayo.<br \/>Fechas del curso: 1 de junio al 5 de julio.<br \/>Duraci\u00f3n: 5 semanas.<br \/>Acreditaci\u00f3n de 25 horas de Formaci\u00f3n.<\/p>\n\n<div class=\"wp-block-buttons is-layout-flex wp-block-buttons-is-layout-flex\" data-block-type=\"core\"><div class=\"wp-block-button\" data-block-type=\"core\"><a class=\"wp-block-button__link\">+ Info \/  Inscripci\u00f3n<\/a><\/div><\/div>\n\n<figure class=\"wp-block-image size-full\" data-block-type=\"core\"><img loading=\"lazy\" decoding=\"async\" width=\"694\" height=\"497\" src=\"https:\/\/formakunde.eus\/wp-content\/uploads\/2025\/04\/EKOFEMINISMOA_caratula-curso-online_Emakunde.jpg\" alt class=\"wp-image-1091069\" srcset=\"https:\/\/formakunde.eus\/wp-content\/uploads\/2025\/04\/EKOFEMINISMOA_caratula-curso-online_Emakunde.jpg 694w, https:\/\/formakunde.eus\/wp-content\/uploads\/2025\/04\/EKOFEMINISMOA_caratula-curso-online_Emakunde-300x215.jpg 300w\" sizes=\"auto, (max-width: 694px) 100vw, 694px\" \/><\/figure>\n\n<p data-block-type=\"core\"><strong>Ekofeminismoa. Teoriatik praktikara.<br \/><\/strong>Profesorado: Alicia H. Puleo, Dina Garz\u00f3n.<br \/>Matriculaci\u00f3n: 16 de marzo al 10 de abril.<br \/>Fechas del curso: 13 de abril al 17 de mayo.<br \/>Duraci\u00f3n: 5 semanas.<br \/>Acreditaci\u00f3n de 25 horas de Formaci\u00f3n.<\/p>\n\n<div class=\"wp-block-buttons is-layout-flex wp-block-buttons-is-layout-flex\" data-block-type=\"core\"><div class=\"wp-block-button\" data-block-type=\"core\"><a class=\"wp-block-button__link\">+ Info \/  Inscripci\u00f3n<\/a><\/div><\/div>\n\n<div class=\"wp-block-buttons is-layout-flex wp-block-buttons-is-layout-flex\" data-block-type=\"core\"><div class=\"wp-block-button\" data-block-type=\"core\"><a class=\"wp-block-button__link\">+ Info \/  Inscripci\u00f3n<\/a><\/div><\/div>","protected":false},"excerpt":{"rendered":"<p>El empoderamiento feminista como estrategia.Profesorado: Clara Murguialday.Matriculaci\u00f3n: 4 de mayo al 29 de mayo.Fechas del curso: 1 de junio al 5 de julio.Duraci\u00f3n: 5 semanas .Acreditaci\u00f3n de 25 horas de [&hellip;]<\/p>\n","protected":false},"author":1,"featured_media":0,"parent":2288,"menu_order":0,"comment_status":"closed","ping_status":"closed","template":"","meta":{"_uag_custom_page_level_css":"","_kad_blocks_custom_css":"","_kad_blocks_head_custom_js":"","_kad_blocks_body_custom_js":"","_kad_blocks_footer_custom_js":"","editor_plus_copied_stylings":"{}","footnotes":""},"class_list":["post-1089030","page","type-page","status-publish","hentry"],"featured_image_src":null,"taxonomy_info":[],"featured_image_src_large":false,"author_info":{"display_name":"Emakunde","author_link":"https:\/\/formakunde.eus\/es\/author\/tarte1315ka2312\/"},"comment_info":0,"uagb_featured_image_src":{"full":false,"thumbnail":false,"medium":false,"medium_large":false,"large":false,"1536x1536":false,"2048x2048":false,"ultp_layout_landscape_large":false,"ultp_layout_landscape":false,"ultp_layout_portrait":false,"ultp_layout_square":false},"uagb_author_info":{"display_name":"Emakunde","author_link":"https:\/\/formakunde.eus\/es\/author\/tarte1315ka2312\/"},"uagb_comment_info":0,"uagb_excerpt":"El empoderamiento feminista como estrategia.Profesorado: Clara Murguialday.Matriculaci\u00f3n: 4 de mayo al 29 de mayo.Fechas del curso: 1 de junio al 5 de julio.Duraci\u00f3n: 5 semanas .Acreditaci\u00f3n de 25 horas de [&hellip;]","_links":{"self":[{"href":"https:\/\/formakunde.eus\/es\/wp-json\/wp\/v2\/pages\/1089030","targetHints":{"allow":["GET"]}}],"collection":[{"href":"https:\/\/formakunde.eus\/es\/wp-json\/wp\/v2\/pages"}],"about":[{"href":"https:\/\/formakunde.eus\/es\/wp-json\/wp\/v2\/types\/page"}],"author":[{"embeddable":true,"href":"https:\/\/formakunde.eus\/es\/wp-json\/wp\/v2\/users\/1"}],"replies":[{"embeddable":true,"href":"https:\/\/formakunde.eus\/es\/wp-json\/wp\/v2\/comments?post=1089030"}],"version-history":[{"count":0,"href":"https:\/\/formakunde.eus\/es\/wp-json\/wp\/v2\/pages\/1089030\/revisions"}],"up":[{"embeddable":true,"href":"https:\/\/formakunde.eus\/es\/wp-json\/wp\/v2\/pages\/2288"}],"wp:attachment":[{"href":"https:\/\/formakunde.eus\/es\/wp-json\/wp\/v2\/media?parent=1089030"}],"curies":[{"name":"wp","href":"https:\/\/api.w.org\/{rel}","templated":true}]}}