{"id":1089020,"date":"2024-01-19T08:24:17","date_gmt":"2024-01-19T07:24:17","guid":{"rendered":"https:\/\/formakunde.eus\/?page_id=1089020"},"modified":"2026-01-23T12:47:32","modified_gmt":"2026-01-23T11:47:32","slug":"igualdad-genero-y-discriminacion","status":"publish","type":"page","link":"https:\/\/formakunde.eus\/es\/temas\/igualdad-genero-y-discriminacion\/","title":{"rendered":"Igualdad. Genero y discriminaci\u00f3n"},"content":{"rendered":"<figure class=\"wp-block-image size-full\" data-block-type=\"core\"><img loading=\"lazy\" decoding=\"async\" width=\"694\" height=\"497\" src=\"https:\/\/formakunde.eus\/wp-content\/uploads\/2025\/04\/IGUALDAD_caratula-curso-online_Emakunde.jpg\" alt class=\"wp-image-1090889\" srcset=\"https:\/\/formakunde.eus\/wp-content\/uploads\/2025\/04\/IGUALDAD_caratula-curso-online_Emakunde.jpg 694w, https:\/\/formakunde.eus\/wp-content\/uploads\/2025\/04\/IGUALDAD_caratula-curso-online_Emakunde-300x215.jpg 300w\" sizes=\"auto, (max-width: 694px) 100vw, 694px\" \/><\/figure>\n\n<p data-block-type=\"core\"><strong>Igualdad de mujeres y hombres. Conceptos b\u00e1sicos. <br \/><\/strong>Profesorado: Elo Mayo.<br \/>Matriculaci\u00f3n: 6 de abril al 1 de mayo.<br \/>Fechas del curso: 4 de mayo al 7 de junio.<br \/>Duraci\u00f3n: 5 semanas.<br \/>Acreditaci\u00f3n de 25 horas de Formaci\u00f3n.<\/p>\n\n<div class=\"wp-block-buttons is-layout-flex wp-block-buttons-is-layout-flex\" data-block-type=\"core\"><div class=\"wp-block-button\" data-block-type=\"core\"><a class=\"wp-block-button__link\">+ Info \/  Inscripci\u00f3n<\/a><\/div><\/div>\n\n<figure class=\"wp-block-image size-full\" data-block-type=\"core\"><img loading=\"lazy\" decoding=\"async\" width=\"694\" height=\"497\" src=\"https:\/\/formakunde.eus\/wp-content\/uploads\/2025\/04\/BERDINTASUNA_caratula-curso-online_Emakunde.jpg\" alt class=\"wp-image-1090892\" srcset=\"https:\/\/formakunde.eus\/wp-content\/uploads\/2025\/04\/BERDINTASUNA_caratula-curso-online_Emakunde.jpg 694w, https:\/\/formakunde.eus\/wp-content\/uploads\/2025\/04\/BERDINTASUNA_caratula-curso-online_Emakunde-300x215.jpg 300w\" sizes=\"auto, (max-width: 694px) 100vw, 694px\" \/><\/figure>\n\n<p data-block-type=\"core\"><strong>Emakumeen eta gizonen berdintasuna. Oinarrizko kontzeptuak.<br \/><\/strong>Profesorado: Berdintasun.<br \/>Matriculaci\u00f3n: 12 de enero al 13 de febrero.<br \/>Fechas del curso: 16 de febrero al 22 de marzo.<br \/>Duraci\u00f3n: 5 semanas.<br \/>Acreditaci\u00f3n de 25 horas de Formaci\u00f3n.<\/p>\n\n<div class=\"wp-block-buttons is-layout-flex wp-block-buttons-is-layout-flex\" data-block-type=\"core\"><div class=\"wp-block-button\" data-block-type=\"core\"><a class=\"wp-block-button__link\">+ Info \/  Inscripci\u00f3n<\/a><\/div><\/div>\n\n<p data-block-type=\"core\"><strong>Incorporar la perspectiva de g\u00e9nero en proyectos y actividades<br \/><\/strong>Profesorado: Juana Etxano Gandarasbeitia, Lidia Ru\u00edz G\u00f3mez, Mar\u00eda Viadero Acha. Mugarik Gabe.<br \/>Matriculaci\u00f3n: 25 de agosto al 28 de setiembre.<br \/>Fechas del curso: 6 de octubre al 11 de noviembre.<br \/>Duraci\u00f3n: 5 semanas.<br \/>Acreditaci\u00f3n de 25 horas de Formaci\u00f3n.<\/p>\n\n<div class=\"wp-block-buttons is-layout-flex wp-block-buttons-is-layout-flex\" data-block-type=\"core\"><div class=\"wp-block-button\" data-block-type=\"core\"><a class=\"wp-block-button__link\">M\u00e1s info<\/a><\/div><\/div>\n\n<div class=\"wp-block-buttons is-layout-flex wp-block-buttons-is-layout-flex\" data-block-type=\"core\"><div class=\"wp-block-button\" data-block-type=\"core\"><a class=\"wp-block-button__link\">Quiero inscribirme<\/a><\/div><\/div>\n\n<p data-block-type=\"core\"><strong>Proiektu eta jardueretan genero-ikuspegia txertatzea<br \/><\/strong>Profesorado: Juana Etxano Gandarasbeitia, Lidia Ru\u00edz G\u00f3mez, Mar\u00eda Viadero Acha. Mugarik Gabe.<br \/>Matriculaci\u00f3n: 7 de abril al 11 de mayo.<br \/>Fechas del curso: 19 de mayo al 24 de junio.<br \/>Duraci\u00f3n: 5 semanas.<br \/>Acreditaci\u00f3n de 25 horas de Formaci\u00f3n.<\/p>\n\n<div class=\"wp-block-buttons is-layout-flex wp-block-buttons-is-layout-flex\" data-block-type=\"core\"><div class=\"wp-block-button\" data-block-type=\"core\"><a class=\"wp-block-button__link\">M\u00e1s info<\/a><\/div><\/div>\n\n<div class=\"wp-block-buttons is-layout-flex wp-block-buttons-is-layout-flex\" data-block-type=\"core\"><div class=\"wp-block-button\" data-block-type=\"core\"><a class=\"wp-block-button__link\">Quiero inscribirme<\/a><\/div><\/div>","protected":false},"excerpt":{"rendered":"<p>Igualdad de mujeres y hombres. Conceptos b\u00e1sicos. Profesorado: Elo Mayo.Matriculaci\u00f3n: 6 de abril al 1 de mayo.Fechas del curso: 4 de mayo al 7 de junio.Duraci\u00f3n: 5 semanas.Acreditaci\u00f3n de 25 [&hellip;]<\/p>\n","protected":false},"author":1,"featured_media":0,"parent":2288,"menu_order":0,"comment_status":"closed","ping_status":"closed","template":"","meta":{"_uag_custom_page_level_css":"","_kad_blocks_custom_css":"","_kad_blocks_head_custom_js":"","_kad_blocks_body_custom_js":"","_kad_blocks_footer_custom_js":"","editor_plus_copied_stylings":"{}","footnotes":""},"class_list":["post-1089020","page","type-page","status-publish","hentry"],"featured_image_src":null,"taxonomy_info":[],"featured_image_src_large":false,"author_info":{"display_name":"Emakunde","author_link":"https:\/\/formakunde.eus\/es\/author\/tarte1315ka2312\/"},"comment_info":0,"uagb_featured_image_src":{"full":false,"thumbnail":false,"medium":false,"medium_large":false,"large":false,"1536x1536":false,"2048x2048":false,"ultp_layout_landscape_large":false,"ultp_layout_landscape":false,"ultp_layout_portrait":false,"ultp_layout_square":false},"uagb_author_info":{"display_name":"Emakunde","author_link":"https:\/\/formakunde.eus\/es\/author\/tarte1315ka2312\/"},"uagb_comment_info":0,"uagb_excerpt":"Igualdad de mujeres y hombres. Conceptos b\u00e1sicos. Profesorado: Elo Mayo.Matriculaci\u00f3n: 6 de abril al 1 de mayo.Fechas del curso: 4 de mayo al 7 de junio.Duraci\u00f3n: 5 semanas.Acreditaci\u00f3n de 25 [&hellip;]","_links":{"self":[{"href":"https:\/\/formakunde.eus\/es\/wp-json\/wp\/v2\/pages\/1089020","targetHints":{"allow":["GET"]}}],"collection":[{"href":"https:\/\/formakunde.eus\/es\/wp-json\/wp\/v2\/pages"}],"about":[{"href":"https:\/\/formakunde.eus\/es\/wp-json\/wp\/v2\/types\/page"}],"author":[{"embeddable":true,"href":"https:\/\/formakunde.eus\/es\/wp-json\/wp\/v2\/users\/1"}],"replies":[{"embeddable":true,"href":"https:\/\/formakunde.eus\/es\/wp-json\/wp\/v2\/comments?post=1089020"}],"version-history":[{"count":0,"href":"https:\/\/formakunde.eus\/es\/wp-json\/wp\/v2\/pages\/1089020\/revisions"}],"up":[{"embeddable":true,"href":"https:\/\/formakunde.eus\/es\/wp-json\/wp\/v2\/pages\/2288"}],"wp:attachment":[{"href":"https:\/\/formakunde.eus\/es\/wp-json\/wp\/v2\/media?parent=1089020"}],"curies":[{"name":"wp","href":"https:\/\/api.w.org\/{rel}","templated":true}]}}